{"id":51,"date":"2014-11-18T10:50:00","date_gmt":"2014-11-18T08:50:00","guid":{"rendered":"http:\/\/87.230.15.123\/farnung\/?page_id=51"},"modified":"2014-11-18T12:03:04","modified_gmt":"2014-11-18T10:03:04","slug":"impressum","status":"publish","type":"page","link":"https:\/\/s0.farnung-schmuck.de\/?page_id=51","title":{"rendered":"Impressum"},"content":{"rendered":"<p><strong>Inhaberin:<\/strong><br \/>\nBritta Farnung, Goldschmiedemeisterin und Gestalterin<br \/>\nFinkenweg 1,<br \/>\n36142 Tann\/Rh\u00f6n<br \/>\nPhone: +49(0)66 82 &#8211; 504<br \/>\nFax:\u00a0\u00a0\u00a0 +49(0)66 82 &#8211; 917751<br \/>\nE-Mail: <a title=\"anfrage@farnung-schmuck.de\" href=\"mailto:anfrage@farnung-schmuck.de\">anfrage@farnung-schmuck.de<\/a><br \/>\nPage:\u00a0 <a title=\"farnung-schmuck.de\" href=\"http:\/\/farnung-schmuck.de\/\" target=\"_blank\">www.farnung-schmuck.de<\/a><br \/>\nSteuernummer: DE 196293171<\/p>\n<p><strong>Copyright<\/strong><br \/>\nDer gesamte Inhalt dieser Internetseite inklusive aller Bilder und Texte ist das Eigentum\u00a0von Britta Farnung. Die Reproduktion der Inhalte, ist unabh\u00e4ngig vom verwendeten Medium\u00a0untersagt.<\/p>\n<p>Abgebildete Schmuckst\u00fccke unterliegen dem Urheberrecht.<\/p>\n<p>Haftungshinweis<br \/>\nTrotz sorgf\u00e4ltiger inhaltlicher Kontrolle \u00fcbernehmen wir keine Haftung f\u00fcr die Inhalte externer Links.<br \/>\nF\u00fcr den Inhalt verlinkter Seiten sind ausschlie\u00dflich deren Betreiber verantwortlich.<\/p>\n<p>Alle genannten und gezeigten Marken- oder Warenzeichen sind eingetragene Marken oder eingetragene Warenzeichen ihrer jeweiligen Eigent\u00fcmer. Marken- oder Warenzeichen wurden in der\u00a0Regel nicht als solche kenntlich gemacht. Das Fehlen einer solchen Kennzeichnung bedeutet\u00a0nicht, dass es sich um einen freien Namen im Sinne des Waren- und Markenzeichenrechts handelt.<\/p>\n<p>Urheberrechte<br \/>\n\u00a9 Copyright 2008 Britta Farnung. Alle Rechte vorbehalten.<\/p>\n","protected":false},"excerpt":{"rendered":"<p>Inhaberin: Britta Farnung, Goldschmiedemeisterin und Gestalterin Finkenweg 1, 36142 Tann\/Rh\u00f6n Phone: +49(0)66 82 &#8211; 504 Fax:\u00a0\u00a0\u00a0 +49(0)66 82 &#8211; 917751 E-Mail: anfrage@farnung-schmuck.de Page:\u00a0 www.farnung-schmuck.de Steuernummer: DE 196293171 Copyright Der gesamte Inhalt dieser Internetseite inklusive aller Bilder und Texte ist das Eigentum\u00a0von Britta Farnung. Die Reproduktion der Inhalte, ist unabh\u00e4ngig vom verwendeten Medium\u00a0untersagt. Abgebildete Schmuckst\u00fccke unterliegen &hellip; <a href=\"https:\/\/s0.farnung-schmuck.de\/?page_id=51\" class=\"more-link\"><span class=\"screen-reader-text\">Impressum<\/span> weiterlesen <span class=\"meta-nav\">&rarr;<\/span><\/a><\/p>\n","protected":false},"author":1,"featured_media":0,"parent":0,"menu_order":0,"comment_status":"closed","ping_status":"open","template":"","meta":{"ngg_post_thumbnail":0},"_links":{"self":[{"href":"https:\/\/s0.farnung-schmuck.de\/index.php?rest_route=\/wp\/v2\/pages\/51"}],"collection":[{"href":"https:\/\/s0.farnung-schmuck.de\/index.php?rest_route=\/wp\/v2\/pages"}],"about":[{"href":"https:\/\/s0.farnung-schmuck.de\/index.php?rest_route=\/wp\/v2\/types\/page"}],"author":[{"embeddable":true,"href":"https:\/\/s0.farnung-schmuck.de\/index.php?rest_route=\/wp\/v2\/users\/1"}],"replies":[{"embeddable":true,"href":"https:\/\/s0.farnung-schmuck.de\/index.php?rest_route=%2Fwp%2Fv2%2Fcomments&post=51"}],"version-history":[{"count":2,"href":"https:\/\/s0.farnung-schmuck.de\/index.php?rest_route=\/wp\/v2\/pages\/51\/revisions"}],"predecessor-version":[{"id":97,"href":"https:\/\/s0.farnung-schmuck.de\/index.php?rest_route=\/wp\/v2\/pages\/51\/revisions\/97"}],"wp:attachment":[{"href":"https:\/\/s0.farnung-schmuck.de\/index.php?rest_route=%2Fwp%2Fv2%2Fmedia&parent=51"}],"curies":[{"name":"wp","href":"https:\/\/api.w.org\/{rel}","templated":true}]}}