{"id":24,"date":"2014-11-18T09:51:08","date_gmt":"2014-11-18T07:51:08","guid":{"rendered":"http:\/\/87.230.15.123\/farnung\/?page_id=24"},"modified":"2022-10-20T16:50:27","modified_gmt":"2022-10-20T14:50:27","slug":"home","status":"publish","type":"page","link":"https:\/\/s0.farnung-schmuck.de\/","title":{"rendered":"Schmuckschmiede"},"content":{"rendered":"<p>Herzlich Willkommen in der Schmuckschmiede!<\/p>\n<p>Das Goldschmiedeatelier &#8222;Schmuckschmiede&#8220; finden Sie im Finkenweg 1 \u00a0im sch\u00f6nen Luftkurort Tann in der hessischen Rh\u00f6n.<\/p>\n<p>Mit bester handwerklicher Technik und Kreativit\u00e4t entstehen hier handgearbeitete Unikate sowie feine Schmuckst\u00fccke in individueller Gestaltung.<\/p>\n<p>Falls Sie die Schmuckschmiede au\u00dferhalb meiner \u00d6ffnungszeiten besuchen m\u00f6chten, k\u00f6nnen Sie gerne einen Termin telefonisch oder per <a href=\"http:\/\/farnung-schmuck.de\/?page_id=44\">Mail<\/a> vereinbaren.<\/p>\n<p><strong>URLAUB: vom 01. &#8211; 05.11.2022<\/strong><\/p>\n<p>Telefon:<strong> 06682\/504<\/strong> \u00a0oder <strong>anfrage@farnung-schmuck.de<\/strong><\/p>\n<p>Britta Farnung<\/p>\n<p><strong>\u00a0<\/strong><\/p>\n","protected":false},"excerpt":{"rendered":"<p>Herzlich Willkommen in der Schmuckschmiede! Das Goldschmiedeatelier &#8222;Schmuckschmiede&#8220; finden Sie im Finkenweg 1 \u00a0im sch\u00f6nen Luftkurort Tann in der hessischen Rh\u00f6n. Mit bester handwerklicher Technik und Kreativit\u00e4t entstehen hier handgearbeitete Unikate sowie feine Schmuckst\u00fccke in individueller Gestaltung. Falls Sie die Schmuckschmiede au\u00dferhalb meiner \u00d6ffnungszeiten besuchen m\u00f6chten, k\u00f6nnen Sie gerne einen Termin telefonisch oder per Mail &hellip; <a href=\"https:\/\/s0.farnung-schmuck.de\/\" class=\"more-link\"><span class=\"screen-reader-text\">Schmuckschmiede<\/span> weiterlesen <span class=\"meta-nav\">&rarr;<\/span><\/a><\/p>\n","protected":false},"author":1,"featured_media":315,"parent":0,"menu_order":0,"comment_status":"closed","ping_status":"closed","template":"","meta":{"ngg_post_thumbnail":0},"_links":{"self":[{"href":"https:\/\/s0.farnung-schmuck.de\/index.php?rest_route=\/wp\/v2\/pages\/24"}],"collection":[{"href":"https:\/\/s0.farnung-schmuck.de\/index.php?rest_route=\/wp\/v2\/pages"}],"about":[{"href":"https:\/\/s0.farnung-schmuck.de\/index.php?rest_route=\/wp\/v2\/types\/page"}],"author":[{"embeddable":true,"href":"https:\/\/s0.farnung-schmuck.de\/index.php?rest_route=\/wp\/v2\/users\/1"}],"replies":[{"embeddable":true,"href":"https:\/\/s0.farnung-schmuck.de\/index.php?rest_route=%2Fwp%2Fv2%2Fcomments&post=24"}],"version-history":[{"count":64,"href":"https:\/\/s0.farnung-schmuck.de\/index.php?rest_route=\/wp\/v2\/pages\/24\/revisions"}],"predecessor-version":[{"id":623,"href":"https:\/\/s0.farnung-schmuck.de\/index.php?rest_route=\/wp\/v2\/pages\/24\/revisions\/623"}],"wp:featuredmedia":[{"embeddable":true,"href":"https:\/\/s0.farnung-schmuck.de\/index.php?rest_route=\/wp\/v2\/media\/315"}],"wp:attachment":[{"href":"https:\/\/s0.farnung-schmuck.de\/index.php?rest_route=%2Fwp%2Fv2%2Fmedia&parent=24"}],"curies":[{"name":"wp","href":"https:\/\/api.w.org\/{rel}","templated":true}]}}