{"id":18,"date":"2014-11-18T09:33:26","date_gmt":"2014-11-18T07:33:26","guid":{"rendered":"http:\/\/87.230.15.123\/farnung\/?page_id=18"},"modified":"2022-05-05T09:10:57","modified_gmt":"2022-05-05T07:10:57","slug":"leistungen","status":"publish","type":"page","link":"https:\/\/s0.farnung-schmuck.de\/?page_id=18","title":{"rendered":"Leistungen"},"content":{"rendered":"<h3>Die Leistungen im \u00dcberblick:<\/h3>\n<p>Seit 1998 bin ich als Goldschmiedemeisterin und Schmuckgestalterin t\u00e4tig und entwerfe und fertige Schmuck aus den&nbsp;Edelmetallen Gold, Silber, Platin sowie Edelsteinen und Perlen.<\/p>\n<p>Bei unseren hochwertigen handgefertigten St\u00fccken orientieren wir uns an Schlichtheit, G\u00fcte und Funktionalit\u00e4t.<\/p>\n<p><strong>Anfertigungen<br \/>\n<\/strong>Gemeinsam mit Ihnen entwickeln wir Ihr Unikat. Dabei beraten wir Sie fachkundig zu diversen Materialien, Formgebung und Tragekomfort.<\/p>\n<p><strong>Umarbeitungen<br \/>\n<\/strong>Haben Sie ein besonderes Schmuckst\u00fcck, dass Sie so nicht tragen m\u00f6chten? &nbsp;Kommen Sie damit zu uns &#8211; wir finden die richtige L\u00f6sung f\u00fcr Sie.<\/p>\n<p><strong>Reparaturen<br \/>\n<\/strong>Ringweiten\u00e4nderungen, L\u00f6tungen an allen Edelmetallen, Ersatzteile, Ohrringzubeh\u00f6r, Nacharbeitungen, Steinersatz, Ketten aufziehen und vieles mehr.<\/p>\n<p><strong>Ladengesch\u00e4ft<br \/>\n<\/strong>Wir sind pers\u00f6nlich f\u00fcr Sie da.<br \/>\nGerne k\u00f6nnen Sie einen Beratungstermin mit uns vereinbaren.<br \/>\nBei uns finden Sie neben aktuellem Silberschmuck aber auch klassischen Schmuck in Gold und Platin mit ausgesuchten Edelsteinen<\/p>\n<p>Gerne k\u00f6nnen wir Sie auch per&nbsp;<a href=\"mailto:anfrage@farnung-schmuck.de\">Email<\/a>&nbsp;beraten und auf Fragen und W\u00fcnsche eingehen.<\/p>\n","protected":false},"excerpt":{"rendered":"<p>Die Leistungen im \u00dcberblick: Seit 1998 bin ich als Goldschmiedemeisterin und Schmuckgestalterin t\u00e4tig und entwerfe und fertige Schmuck aus den&nbsp;Edelmetallen Gold, Silber, Platin sowie Edelsteinen und Perlen. Bei unseren hochwertigen handgefertigten St\u00fccken orientieren wir uns an Schlichtheit, G\u00fcte und Funktionalit\u00e4t. Anfertigungen Gemeinsam mit Ihnen entwickeln wir Ihr Unikat. Dabei beraten wir Sie fachkundig zu diversen &hellip; <a href=\"https:\/\/s0.farnung-schmuck.de\/?page_id=18\" class=\"more-link\"><span class=\"screen-reader-text\">Leistungen<\/span> weiterlesen <span class=\"meta-nav\">&rarr;<\/span><\/a><\/p>\n","protected":false},"author":1,"featured_media":0,"parent":0,"menu_order":0,"comment_status":"closed","ping_status":"closed","template":"","meta":{"ngg_post_thumbnail":0},"_links":{"self":[{"href":"https:\/\/s0.farnung-schmuck.de\/index.php?rest_route=\/wp\/v2\/pages\/18"}],"collection":[{"href":"https:\/\/s0.farnung-schmuck.de\/index.php?rest_route=\/wp\/v2\/pages"}],"about":[{"href":"https:\/\/s0.farnung-schmuck.de\/index.php?rest_route=\/wp\/v2\/types\/page"}],"author":[{"embeddable":true,"href":"https:\/\/s0.farnung-schmuck.de\/index.php?rest_route=\/wp\/v2\/users\/1"}],"replies":[{"embeddable":true,"href":"https:\/\/s0.farnung-schmuck.de\/index.php?rest_route=%2Fwp%2Fv2%2Fcomments&post=18"}],"version-history":[{"count":12,"href":"https:\/\/s0.farnung-schmuck.de\/index.php?rest_route=\/wp\/v2\/pages\/18\/revisions"}],"predecessor-version":[{"id":618,"href":"https:\/\/s0.farnung-schmuck.de\/index.php?rest_route=\/wp\/v2\/pages\/18\/revisions\/618"}],"wp:attachment":[{"href":"https:\/\/s0.farnung-schmuck.de\/index.php?rest_route=%2Fwp%2Fv2%2Fmedia&parent=18"}],"curies":[{"name":"wp","href":"https:\/\/api.w.org\/{rel}","templated":true}]}}